{"id":11287,"date":"2019-11-21T22:16:45","date_gmt":"2019-11-21T21:16:45","guid":{"rendered":"http:\/\/bartoszfratczak.com\/?page_id=11287"},"modified":"2020-12-03T21:08:34","modified_gmt":"2020-12-03T20:08:34","slug":"stanislawa-kocielowicz","status":"publish","type":"page","link":"https:\/\/bartoszfratczak.com\/index.php\/stanislawa-kocielowicz\/","title":{"rendered":"Stanis\u0142awa Kocie\u0142owicz"},"content":{"rendered":"\n<div style=\"height:100px\" aria-hidden=\"true\" class=\"wp-block-spacer\"><\/div>\n\n\n\n<h2 class=\"wp-block-heading\"><strong>Pp\u0142k Stanis\u0142awa Kocie\u0142owicz ps. \u201eIskierka\u201c<\/strong><\/h2>\n\n\n\n<div style=\"height:30px\" aria-hidden=\"true\" class=\"wp-block-spacer\"><\/div>\n\n\n\n<figure class=\"wp-block-audio\"><audio controls src=\"http:\/\/bartoszfratczak.com\/wp-content\/uploads\/2019\/12\/Wyp_Stanislawa_Kocielowicz.mp3\"><\/audio><figcaption>WERSJA POLSKA (Oryginalna)<\/figcaption><\/figure>\n\n\n\n<figure class=\"wp-block-audio\"><audio controls src=\"http:\/\/bartoszfratczak.com\/wp-content\/uploads\/2020\/12\/Stanis\u0142awa-Kocie\u0142owicz-ANG.mp3\"><\/audio><figcaption>ENGLISH VERSION<br><\/figcaption><\/figure>\n\n\n\n<figure class=\"wp-block-audio\"><audio controls src=\"http:\/\/bartoszfratczak.com\/wp-content\/uploads\/2020\/12\/Pp\u0142k-Stanis\u0142awa-Kocie\u0142owicz-ps.-\u201eIskierka\u201c-LT.mp3\"><\/audio><figcaption>LIETUVI\u0172 KALBOS VERSIJA<br><\/figcaption><\/figure>\n\n\n\n<div style=\"height:60px\" aria-hidden=\"true\" class=\"wp-block-spacer\"><\/div>\n\n\n\n<p>&#8220;I was 14 years old scout when AK soldiers were attacking Belmont in Vilnius. It was during the military operation of  &#8220;Ostra Brama&#8221;. 7,000 AK soldiers stood up to 15,000 Germans. A lot of injured and dead on our side. We&#8217;ve had two hospitals in that area. We were looking after injured soldiers over there. Injured were also kept in the big rooms in few surrounding houses. We, young scouts were helping nurses and doctors with their work. We could only assist them because of our really young age.&#8221;<\/p>\n\n\n\n<figure class=\"wp-block-image\"><img loading=\"lazy\" decoding=\"async\" width=\"1280\" height=\"1920\" src=\"http:\/\/bartoszfratczak.com\/wp-content\/uploads\/2019\/11\/Pp\u0142k-Stanis\u0142awa-Kocie\u0142owicz-\u201eIskierka\u201c.jpg\" alt=\"\" class=\"wp-image-11193\" srcset=\"https:\/\/bartoszfratczak.com\/wp-content\/uploads\/2019\/11\/Pp\u0142k-Stanis\u0142awa-Kocie\u0142owicz-\u201eIskierka\u201c.jpg 1280w, https:\/\/bartoszfratczak.com\/wp-content\/uploads\/2019\/11\/Pp\u0142k-Stanis\u0142awa-Kocie\u0142owicz-\u201eIskierka\u201c-200x300.jpg 200w, https:\/\/bartoszfratczak.com\/wp-content\/uploads\/2019\/11\/Pp\u0142k-Stanis\u0142awa-Kocie\u0142owicz-\u201eIskierka\u201c-768x1152.jpg 768w, https:\/\/bartoszfratczak.com\/wp-content\/uploads\/2019\/11\/Pp\u0142k-Stanis\u0142awa-Kocie\u0142owicz-\u201eIskierka\u201c-683x1024.jpg 683w\" sizes=\"auto, (max-width: 1280px) 100vw, 1280px\" \/><\/figure>\n","protected":false},"excerpt":{"rendered":"<p>Pp\u0142k Stanis\u0142awa Kocie\u0142owicz ps. \u201eIskierka\u201c &#8220;I was 14 years old scout when AK soldiers were attacking Belmont in Vilnius. It was during the military operation of &#8220;Ostra Brama&#8221;. 7,000 AK soldiers stood up to 15,000 Germans. A lot of injured and dead on our side. We&#8217;ve had two hospitals in that area. We were looking [&hellip;]<\/p>\n","protected":false},"author":1,"featured_media":0,"parent":0,"menu_order":0,"comment_status":"closed","ping_status":"closed","template":"","meta":{"_vp_format_video_url":"","_vp_image_focal_point":[],"footnotes":""},"class_list":["post-11287","page","type-page","status-publish","hentry"],"_links":{"self":[{"href":"https:\/\/bartoszfratczak.com\/index.php\/wp-json\/wp\/v2\/pages\/11287","targetHints":{"allow":["GET"]}}],"collection":[{"href":"https:\/\/bartoszfratczak.com\/index.php\/wp-json\/wp\/v2\/pages"}],"about":[{"href":"https:\/\/bartoszfratczak.com\/index.php\/wp-json\/wp\/v2\/types\/page"}],"author":[{"embeddable":true,"href":"https:\/\/bartoszfratczak.com\/index.php\/wp-json\/wp\/v2\/users\/1"}],"replies":[{"embeddable":true,"href":"https:\/\/bartoszfratczak.com\/index.php\/wp-json\/wp\/v2\/comments?post=11287"}],"version-history":[{"count":0,"href":"https:\/\/bartoszfratczak.com\/index.php\/wp-json\/wp\/v2\/pages\/11287\/revisions"}],"wp:attachment":[{"href":"https:\/\/bartoszfratczak.com\/index.php\/wp-json\/wp\/v2\/media?parent=11287"}],"curies":[{"name":"wp","href":"https:\/\/api.w.org\/{rel}","templated":true}]}}