{"id":11916,"date":"2020-12-09T13:19:03","date_gmt":"2020-12-09T12:19:03","guid":{"rendered":"http:\/\/bartoszfratczak.com\/?page_id=11916"},"modified":"2020-12-22T12:33:36","modified_gmt":"2020-12-22T11:33:36","slug":"view-through-closed-eyes-borderlands-sketches-10","status":"publish","type":"page","link":"https:\/\/bartoszfratczak.com\/index.php\/view-through-closed-eyes-borderlands-sketches-10\/","title":{"rendered":"View through Closed Eyes. Borderland&#8217;s Sketches 10"},"content":{"rendered":"\n<div style=\"height:100px\" aria-hidden=\"true\" class=\"wp-block-spacer\"><\/div>\n\n\n\n<figure class=\"wp-block-image size-large\"><img loading=\"lazy\" decoding=\"async\" width=\"1024\" height=\"684\" src=\"http:\/\/bartoszfratczak.com\/wp-content\/uploads\/2020\/12\/Kresy-by-Bartosz-Fr\u0105tczak-9-1024x684.jpg\" alt=\"\" class=\"wp-image-11917\" srcset=\"https:\/\/bartoszfratczak.com\/wp-content\/uploads\/2020\/12\/Kresy-by-Bartosz-Fr\u0105tczak-9-1024x684.jpg 1024w, https:\/\/bartoszfratczak.com\/wp-content\/uploads\/2020\/12\/Kresy-by-Bartosz-Fr\u0105tczak-9-300x200.jpg 300w, https:\/\/bartoszfratczak.com\/wp-content\/uploads\/2020\/12\/Kresy-by-Bartosz-Fr\u0105tczak-9-768x513.jpg 768w, https:\/\/bartoszfratczak.com\/wp-content\/uploads\/2020\/12\/Kresy-by-Bartosz-Fr\u0105tczak-9-1536x1026.jpg 1536w, https:\/\/bartoszfratczak.com\/wp-content\/uploads\/2020\/12\/Kresy-by-Bartosz-Fr\u0105tczak-9-600x401.jpg 600w, https:\/\/bartoszfratczak.com\/wp-content\/uploads\/2020\/12\/Kresy-by-Bartosz-Fr\u0105tczak-9.jpg 2048w\" sizes=\"auto, (max-width: 1024px) 100vw, 1024px\" \/><\/figure>\n\n\n\n<p><strong>&#8220;For the souls of the dead&#8221;<\/strong><\/p>\n\n\n\n<p>It\u2019s the end of the road. I&#8217;ll be back in a moment. In the middle of nowhere, I say a prayer &#8220;for the souls of the dead&#8221; that I don&#8217;t even know. I will probably never see this place again. On the way back, I wonder if I really got there by accident&#8230;Somewhere near the border with Lithuania, Belarus<\/p>\n\n\n\n<p><strong>Za dusze zmar\u0142ych<\/strong><\/p>\n\n\n\n<p>Koniec drogi. Za chwil\u0119 zawr\u00f3c\u0119.<\/p>\n\n\n\n<p>Po\u015brodku niczego odmawiam modlitw\u0119 za dusze zmar\u0142ych, kt\u00f3rych nawet nie znam. Prawdopodobnie ju\u017c nigdy nie zobacz\u0119 ponownie tego miejsca.<\/p>\n\n\n\n<p>W drodze powrotnej zastanawiam si\u0119, czy trafi\u0142em tam zupe\u0142nie przypadkiem\u2026<\/p>\n\n\n\n<p><em>Bia\u0142oru\u015b, gdzie\u015b niedaleko granicy z Litw\u0105<\/em><\/p>\n","protected":false},"excerpt":{"rendered":"<p>&#8220;For the souls of the dead&#8221; It\u2019s the end of the road. I&#8217;ll be back in a moment. In the middle of nowhere, I say a prayer &#8220;for the souls of the dead&#8221; that I don&#8217;t even know. I will probably never see this place again. On the way back, I wonder if I really [&hellip;]<\/p>\n","protected":false},"author":1,"featured_media":0,"parent":0,"menu_order":0,"comment_status":"closed","ping_status":"closed","template":"","meta":{"_vp_format_video_url":"","_vp_image_focal_point":[],"footnotes":""},"class_list":["post-11916","page","type-page","status-publish","hentry"],"_links":{"self":[{"href":"https:\/\/bartoszfratczak.com\/index.php\/wp-json\/wp\/v2\/pages\/11916","targetHints":{"allow":["GET"]}}],"collection":[{"href":"https:\/\/bartoszfratczak.com\/index.php\/wp-json\/wp\/v2\/pages"}],"about":[{"href":"https:\/\/bartoszfratczak.com\/index.php\/wp-json\/wp\/v2\/types\/page"}],"author":[{"embeddable":true,"href":"https:\/\/bartoszfratczak.com\/index.php\/wp-json\/wp\/v2\/users\/1"}],"replies":[{"embeddable":true,"href":"https:\/\/bartoszfratczak.com\/index.php\/wp-json\/wp\/v2\/comments?post=11916"}],"version-history":[{"count":0,"href":"https:\/\/bartoszfratczak.com\/index.php\/wp-json\/wp\/v2\/pages\/11916\/revisions"}],"wp:attachment":[{"href":"https:\/\/bartoszfratczak.com\/index.php\/wp-json\/wp\/v2\/media?parent=11916"}],"curies":[{"name":"wp","href":"https:\/\/api.w.org\/{rel}","templated":true}]}}