{"id":11940,"date":"2020-12-09T13:56:28","date_gmt":"2020-12-09T12:56:28","guid":{"rendered":"http:\/\/bartoszfratczak.com\/?page_id=11940"},"modified":"2021-02-09T14:19:10","modified_gmt":"2021-02-09T13:19:10","slug":"view-through-closed-eyes-borderlands-sketches-11","status":"publish","type":"page","link":"https:\/\/bartoszfratczak.com\/index.php\/view-through-closed-eyes-borderlands-sketches-11\/","title":{"rendered":"View through Closed Eyes. Borderland&#8217;s Sketches 11"},"content":{"rendered":"\n<div style=\"height:100px\" aria-hidden=\"true\" class=\"wp-block-spacer\"><\/div>\n\n\n\n<figure class=\"wp-block-image size-full\"><img loading=\"lazy\" decoding=\"async\" width=\"2048\" height=\"1365\" src=\"http:\/\/bartoszfratczak.com\/wp-content\/uploads\/2020\/12\/Kresy-by-Bartosz-Fr\u0105tczak-10.jpg\" alt=\"\" class=\"wp-image-11941\" srcset=\"https:\/\/bartoszfratczak.com\/wp-content\/uploads\/2020\/12\/Kresy-by-Bartosz-Fr\u0105tczak-10.jpg 2048w, https:\/\/bartoszfratczak.com\/wp-content\/uploads\/2020\/12\/Kresy-by-Bartosz-Fr\u0105tczak-10-300x200.jpg 300w, https:\/\/bartoszfratczak.com\/wp-content\/uploads\/2020\/12\/Kresy-by-Bartosz-Fr\u0105tczak-10-1024x683.jpg 1024w, https:\/\/bartoszfratczak.com\/wp-content\/uploads\/2020\/12\/Kresy-by-Bartosz-Fr\u0105tczak-10-768x512.jpg 768w, https:\/\/bartoszfratczak.com\/wp-content\/uploads\/2020\/12\/Kresy-by-Bartosz-Fr\u0105tczak-10-1536x1024.jpg 1536w, https:\/\/bartoszfratczak.com\/wp-content\/uploads\/2020\/12\/Kresy-by-Bartosz-Fr\u0105tczak-10-600x400.jpg 600w\" sizes=\"auto, (max-width: 2048px) 100vw, 2048px\" \/><\/figure>\n\n\n\n<p>Having wandered around for some time, I finally found their graves: 25 soldiers of the Legions 100 years after their death.<\/p>\n\n\n\n<p><em>Nemen\u010din\u0117<\/em>, <em>Lithuania<\/em><\/p>\n\n\n\n<p>B\u0142\u0105dz\u0119. Po kilkunastu minutach odnajduj\u0119 groby 25 legionist\u00f3w \u2013 100 lat po ich \u015bmierci.<\/p>\n\n\n\n<p><em>Niemenczyn<\/em>,<em> Litwa<\/em><\/p>\n","protected":false},"excerpt":{"rendered":"<p>Having wandered around for some time, I finally found their graves: 25 soldiers of the Legions 100 years after their death. Nemen\u010din\u0117, Lithuania B\u0142\u0105dz\u0119. Po kilkunastu minutach odnajduj\u0119 groby 25 legionist\u00f3w \u2013 100 lat po ich \u015bmierci. Niemenczyn, Litwa<\/p>\n","protected":false},"author":1,"featured_media":0,"parent":0,"menu_order":0,"comment_status":"closed","ping_status":"closed","template":"","meta":{"_vp_format_video_url":"","_vp_image_focal_point":[],"footnotes":""},"class_list":["post-11940","page","type-page","status-publish","hentry"],"_links":{"self":[{"href":"https:\/\/bartoszfratczak.com\/index.php\/wp-json\/wp\/v2\/pages\/11940","targetHints":{"allow":["GET"]}}],"collection":[{"href":"https:\/\/bartoszfratczak.com\/index.php\/wp-json\/wp\/v2\/pages"}],"about":[{"href":"https:\/\/bartoszfratczak.com\/index.php\/wp-json\/wp\/v2\/types\/page"}],"author":[{"embeddable":true,"href":"https:\/\/bartoszfratczak.com\/index.php\/wp-json\/wp\/v2\/users\/1"}],"replies":[{"embeddable":true,"href":"https:\/\/bartoszfratczak.com\/index.php\/wp-json\/wp\/v2\/comments?post=11940"}],"version-history":[{"count":0,"href":"https:\/\/bartoszfratczak.com\/index.php\/wp-json\/wp\/v2\/pages\/11940\/revisions"}],"wp:attachment":[{"href":"https:\/\/bartoszfratczak.com\/index.php\/wp-json\/wp\/v2\/media?parent=11940"}],"curies":[{"name":"wp","href":"https:\/\/api.w.org\/{rel}","templated":true}]}}