{"id":11957,"date":"2020-12-09T14:46:09","date_gmt":"2020-12-09T13:46:09","guid":{"rendered":"http:\/\/bartoszfratczak.com\/?page_id=11957"},"modified":"2020-12-22T12:35:47","modified_gmt":"2020-12-22T11:35:47","slug":"view-through-closed-eyes-borderlands-sketches-15","status":"publish","type":"page","link":"https:\/\/bartoszfratczak.com\/index.php\/view-through-closed-eyes-borderlands-sketches-15\/","title":{"rendered":"View through Closed Eyes. Borderland&#8217;s Sketches 15"},"content":{"rendered":"\n<div style=\"height:100px\" aria-hidden=\"true\" class=\"wp-block-spacer\"><\/div>\n\n\n\n<figure class=\"wp-block-image size-large\"><img loading=\"lazy\" decoding=\"async\" width=\"684\" height=\"1024\" src=\"http:\/\/bartoszfratczak.com\/wp-content\/uploads\/2020\/12\/Kresy-by-Bartosz-Fr\u0105tczak-14-684x1024.jpg\" alt=\"\" class=\"wp-image-11958\" srcset=\"https:\/\/bartoszfratczak.com\/wp-content\/uploads\/2020\/12\/Kresy-by-Bartosz-Fr\u0105tczak-14-684x1024.jpg 684w, https:\/\/bartoszfratczak.com\/wp-content\/uploads\/2020\/12\/Kresy-by-Bartosz-Fr\u0105tczak-14-200x300.jpg 200w, https:\/\/bartoszfratczak.com\/wp-content\/uploads\/2020\/12\/Kresy-by-Bartosz-Fr\u0105tczak-14-768x1150.jpg 768w, https:\/\/bartoszfratczak.com\/wp-content\/uploads\/2020\/12\/Kresy-by-Bartosz-Fr\u0105tczak-14-1026x1536.jpg 1026w, https:\/\/bartoszfratczak.com\/wp-content\/uploads\/2020\/12\/Kresy-by-Bartosz-Fr\u0105tczak-14-600x898.jpg 600w, https:\/\/bartoszfratczak.com\/wp-content\/uploads\/2020\/12\/Kresy-by-Bartosz-Fr\u0105tczak-14.jpg 1368w\" sizes=\"auto, (max-width: 684px) 100vw, 684px\" \/><\/figure>\n\n\n\n<p><strong>&#8220;Everything you love<a><sup><strong>[1]<\/strong><\/sup><\/a>&#8220;<\/strong><\/p>\n\n\n\n<p>In the parking lot next to the grocery store, Mr. &#8220;Bu\u0142a&#8221; is sitting looking towards the busy street.<\/p>\n\n\n\n<p>&#8216;Can I take a picture of you?&#8217; I ask, lifting the camera which is hanging on my neck.<\/p>\n\n\n\n<p>The man straightens up. He is waiting patiently. After a while, we exchange farewell glances.<\/p>\n\n\n\n<p>In the parking lot next to the grocery store, Mr. &#8220;Bu\u0142a&#8221; is sitting looking towards the busy street, a few days before his death.<\/p>\n\n\n\n<p>\u0160al\u010dininkai, Lithuania<\/p>\n\n\n\n<hr class=\"wp-block-separator\"\/>\n\n\n\n<p><a>[1]<\/a>&nbsp;The inscription on the man\u2019s shopping bag (Polish \u2013 \u201cWszystko, co kochasz\u201d).<\/p>\n\n\n\n<p><strong>PL<\/strong><\/p>\n\n\n\n<p><strong>\u201eWszystko co kochasz\u201d<\/strong><\/p>\n\n\n\n<p>Na parkingu obok sklepu spo\u017cywczego siedzi pan \u201eBu\u0142a\u201d i spogl\u0105da w stron\u0119 ruchliwej ulicy.<\/p>\n\n\n\n<p>\u2013 Czy mog\u0119 zrobi\u0107 panu zdj\u0119cie? \u2013 pytam, podnosz\u0105c aparat zawieszony na szyi.<\/p>\n\n\n\n<p>Prostuje si\u0119. Czeka cierpliwie. Po chwili wymieniamy po\u017cegnalne spojrzenia.<\/p>\n\n\n\n<p>Na parkingu obok sklepu spo\u017cywczego pan \u201eBu\u0142a\u201d siedzi i spogl\u0105da w stron\u0119 ruchliwej ulicy na kilka dni przed swoj\u0105 \u015bmierci\u0105.<\/p>\n\n\n\n<p><em>Soleczniki, Litwa<\/em><\/p>\n","protected":false},"excerpt":{"rendered":"<p>&#8220;Everything you love[1]&#8220; In the parking lot next to the grocery store, Mr. &#8220;Bu\u0142a&#8221; is sitting looking towards the busy street. &#8216;Can I take a picture of you?&#8217; I ask, lifting the camera which is hanging on my neck. The man straightens up. He is waiting patiently. After a while, we exchange farewell glances. In [&hellip;]<\/p>\n","protected":false},"author":1,"featured_media":0,"parent":0,"menu_order":0,"comment_status":"closed","ping_status":"closed","template":"","meta":{"_vp_format_video_url":"","_vp_image_focal_point":[],"footnotes":""},"class_list":["post-11957","page","type-page","status-publish","hentry"],"_links":{"self":[{"href":"https:\/\/bartoszfratczak.com\/index.php\/wp-json\/wp\/v2\/pages\/11957","targetHints":{"allow":["GET"]}}],"collection":[{"href":"https:\/\/bartoszfratczak.com\/index.php\/wp-json\/wp\/v2\/pages"}],"about":[{"href":"https:\/\/bartoszfratczak.com\/index.php\/wp-json\/wp\/v2\/types\/page"}],"author":[{"embeddable":true,"href":"https:\/\/bartoszfratczak.com\/index.php\/wp-json\/wp\/v2\/users\/1"}],"replies":[{"embeddable":true,"href":"https:\/\/bartoszfratczak.com\/index.php\/wp-json\/wp\/v2\/comments?post=11957"}],"version-history":[{"count":0,"href":"https:\/\/bartoszfratczak.com\/index.php\/wp-json\/wp\/v2\/pages\/11957\/revisions"}],"wp:attachment":[{"href":"https:\/\/bartoszfratczak.com\/index.php\/wp-json\/wp\/v2\/media?parent=11957"}],"curies":[{"name":"wp","href":"https:\/\/api.w.org\/{rel}","templated":true}]}}