{"id":11965,"date":"2020-12-09T14:47:56","date_gmt":"2020-12-09T13:47:56","guid":{"rendered":"http:\/\/bartoszfratczak.com\/?page_id=11965"},"modified":"2020-12-28T12:03:33","modified_gmt":"2020-12-28T11:03:33","slug":"view-through-closed-eyes-borderlands-sketches-17","status":"publish","type":"page","link":"https:\/\/bartoszfratczak.com\/index.php\/view-through-closed-eyes-borderlands-sketches-17\/","title":{"rendered":"View through Closed Eyes. Borderland&#8217;s Sketches 17"},"content":{"rendered":"\n<div style=\"height:100px\" aria-hidden=\"true\" class=\"wp-block-spacer\"><\/div>\n\n\n\n<figure class=\"wp-block-image size-full\"><img loading=\"lazy\" decoding=\"async\" width=\"2048\" height=\"1368\" src=\"http:\/\/bartoszfratczak.com\/wp-content\/uploads\/2020\/12\/Kresy-by-Bartosz-Fr\u0105tczak-16.jpg\" alt=\"\" class=\"wp-image-11966\" srcset=\"https:\/\/bartoszfratczak.com\/wp-content\/uploads\/2020\/12\/Kresy-by-Bartosz-Fr\u0105tczak-16.jpg 2048w, https:\/\/bartoszfratczak.com\/wp-content\/uploads\/2020\/12\/Kresy-by-Bartosz-Fr\u0105tczak-16-300x200.jpg 300w, https:\/\/bartoszfratczak.com\/wp-content\/uploads\/2020\/12\/Kresy-by-Bartosz-Fr\u0105tczak-16-1024x684.jpg 1024w, https:\/\/bartoszfratczak.com\/wp-content\/uploads\/2020\/12\/Kresy-by-Bartosz-Fr\u0105tczak-16-768x513.jpg 768w, https:\/\/bartoszfratczak.com\/wp-content\/uploads\/2020\/12\/Kresy-by-Bartosz-Fr\u0105tczak-16-1536x1026.jpg 1536w, https:\/\/bartoszfratczak.com\/wp-content\/uploads\/2020\/12\/Kresy-by-Bartosz-Fr\u0105tczak-16-600x401.jpg 600w\" sizes=\"auto, (max-width: 2048px) 100vw, 2048px\" \/><\/figure>\n\n\n\n<p><strong>Bogumi\u0142 Stolarczyk<\/strong><\/p>\n\n\n\n<p>The blood of warriors flows through his veins.<\/p>\n\n\n\n<p>His father was fighting by Lviv and in the Battle of Monte Cassino. His mother was imprisoned in labour camps.<\/p>\n\n\n\n<p>On October 20, 2019, Bogumi\u0142 will pass to eternal guard. He will rest at the cemetery in Karveli\u0161k\u0117s.<\/p>\n\n\n\n<p><em>Kriau\u010di\u016bnai, Lithuania<\/em><\/p>\n\n\n\n<p><strong>Bogumi\u0142 Stolarczyk<\/strong><\/p>\n\n\n\n<p>W jego \u017cy\u0142ach p\u0142ynie krew wojownik\u00f3w.<\/p>\n\n\n\n<p>Ojciec walczy\u0142 pod Lwowem i w bitwie pod Monte Cassino. Matka by\u0142a wi\u0119ziona w \u0142agrach.&nbsp;<\/p>\n\n\n\n<p>Bogumi\u0142 20 pa\u017adziernika 2019 odejdzie na wieczn\u0105 wart\u0119. Spocznie na cmentarzu w Karwieliszkach.<\/p>\n\n\n\n<p><em>Krawczuny, Litwa<\/em><\/p>\n","protected":false},"excerpt":{"rendered":"<p>Bogumi\u0142 Stolarczyk The blood of warriors flows through his veins. His father was fighting by Lviv and in the Battle of Monte Cassino. His mother was imprisoned in labour camps. On October 20, 2019, Bogumi\u0142 will pass to eternal guard. He will rest at the cemetery in Karveli\u0161k\u0117s. Kriau\u010di\u016bnai, Lithuania Bogumi\u0142 Stolarczyk W jego \u017cy\u0142ach [&hellip;]<\/p>\n","protected":false},"author":1,"featured_media":0,"parent":0,"menu_order":0,"comment_status":"closed","ping_status":"closed","template":"","meta":{"_vp_format_video_url":"","_vp_image_focal_point":[],"footnotes":""},"class_list":["post-11965","page","type-page","status-publish","hentry"],"_links":{"self":[{"href":"https:\/\/bartoszfratczak.com\/index.php\/wp-json\/wp\/v2\/pages\/11965","targetHints":{"allow":["GET"]}}],"collection":[{"href":"https:\/\/bartoszfratczak.com\/index.php\/wp-json\/wp\/v2\/pages"}],"about":[{"href":"https:\/\/bartoszfratczak.com\/index.php\/wp-json\/wp\/v2\/types\/page"}],"author":[{"embeddable":true,"href":"https:\/\/bartoszfratczak.com\/index.php\/wp-json\/wp\/v2\/users\/1"}],"replies":[{"embeddable":true,"href":"https:\/\/bartoszfratczak.com\/index.php\/wp-json\/wp\/v2\/comments?post=11965"}],"version-history":[{"count":0,"href":"https:\/\/bartoszfratczak.com\/index.php\/wp-json\/wp\/v2\/pages\/11965\/revisions"}],"wp:attachment":[{"href":"https:\/\/bartoszfratczak.com\/index.php\/wp-json\/wp\/v2\/media?parent=11965"}],"curies":[{"name":"wp","href":"https:\/\/api.w.org\/{rel}","templated":true}]}}