{"id":11969,"date":"2020-12-09T14:48:47","date_gmt":"2020-12-09T13:48:47","guid":{"rendered":"http:\/\/bartoszfratczak.com\/?page_id=11969"},"modified":"2021-01-28T15:06:23","modified_gmt":"2021-01-28T14:06:23","slug":"view-through-closed-eyes-borderlands-sketches-18","status":"publish","type":"page","link":"https:\/\/bartoszfratczak.com\/index.php\/view-through-closed-eyes-borderlands-sketches-18\/","title":{"rendered":"View through Closed Eyes. Borderland&#8217;s Sketches 18"},"content":{"rendered":"\n<div style=\"height:100px\" aria-hidden=\"true\" class=\"wp-block-spacer\"><\/div>\n\n\n\n<figure class=\"wp-block-image size-full\"><img loading=\"lazy\" decoding=\"async\" width=\"2048\" height=\"1365\" src=\"http:\/\/bartoszfratczak.com\/wp-content\/uploads\/2020\/12\/Kresy-by-Bartosz-Fr\u0105tczak-17-1.jpg\" alt=\"\" class=\"wp-image-12019\" srcset=\"https:\/\/bartoszfratczak.com\/wp-content\/uploads\/2020\/12\/Kresy-by-Bartosz-Fr\u0105tczak-17-1.jpg 2048w, https:\/\/bartoszfratczak.com\/wp-content\/uploads\/2020\/12\/Kresy-by-Bartosz-Fr\u0105tczak-17-1-300x200.jpg 300w, https:\/\/bartoszfratczak.com\/wp-content\/uploads\/2020\/12\/Kresy-by-Bartosz-Fr\u0105tczak-17-1-1024x683.jpg 1024w, https:\/\/bartoszfratczak.com\/wp-content\/uploads\/2020\/12\/Kresy-by-Bartosz-Fr\u0105tczak-17-1-768x512.jpg 768w, https:\/\/bartoszfratczak.com\/wp-content\/uploads\/2020\/12\/Kresy-by-Bartosz-Fr\u0105tczak-17-1-1536x1024.jpg 1536w, https:\/\/bartoszfratczak.com\/wp-content\/uploads\/2020\/12\/Kresy-by-Bartosz-Fr\u0105tczak-17-1-600x400.jpg 600w\" sizes=\"auto, (max-width: 2048px) 100vw, 2048px\" \/><\/figure>\n\n\n\n<p>I don\u2019t remember where I took this photo.<\/p>\n\n\n\n<p>Nie pami\u0119tam, gdzie zrobi\u0142em to zdj\u0119cie.<\/p>\n","protected":false},"excerpt":{"rendered":"<p>I don\u2019t remember where I took this photo. Nie pami\u0119tam, gdzie zrobi\u0142em to zdj\u0119cie.<\/p>\n","protected":false},"author":1,"featured_media":0,"parent":0,"menu_order":0,"comment_status":"closed","ping_status":"closed","template":"","meta":{"_vp_format_video_url":"","_vp_image_focal_point":[],"footnotes":""},"class_list":["post-11969","page","type-page","status-publish","hentry"],"_links":{"self":[{"href":"https:\/\/bartoszfratczak.com\/index.php\/wp-json\/wp\/v2\/pages\/11969","targetHints":{"allow":["GET"]}}],"collection":[{"href":"https:\/\/bartoszfratczak.com\/index.php\/wp-json\/wp\/v2\/pages"}],"about":[{"href":"https:\/\/bartoszfratczak.com\/index.php\/wp-json\/wp\/v2\/types\/page"}],"author":[{"embeddable":true,"href":"https:\/\/bartoszfratczak.com\/index.php\/wp-json\/wp\/v2\/users\/1"}],"replies":[{"embeddable":true,"href":"https:\/\/bartoszfratczak.com\/index.php\/wp-json\/wp\/v2\/comments?post=11969"}],"version-history":[{"count":0,"href":"https:\/\/bartoszfratczak.com\/index.php\/wp-json\/wp\/v2\/pages\/11969\/revisions"}],"wp:attachment":[{"href":"https:\/\/bartoszfratczak.com\/index.php\/wp-json\/wp\/v2\/media?parent=11969"}],"curies":[{"name":"wp","href":"https:\/\/api.w.org\/{rel}","templated":true}]}}