{"id":12032,"date":"2020-12-09T15:45:19","date_gmt":"2020-12-09T14:45:19","guid":{"rendered":"http:\/\/bartoszfratczak.com\/?page_id=12032"},"modified":"2021-01-28T15:17:26","modified_gmt":"2021-01-28T14:17:26","slug":"view-through-closed-eyes-borderlands-sketches-31","status":"publish","type":"page","link":"https:\/\/bartoszfratczak.com\/index.php\/view-through-closed-eyes-borderlands-sketches-31\/","title":{"rendered":"View through Closed Eyes. Borderland&#8217;s Sketches 31"},"content":{"rendered":"\n<div style=\"height:100px\" aria-hidden=\"true\" class=\"wp-block-spacer\"><\/div>\n\n\n\n<figure class=\"wp-block-image size-full\"><img loading=\"lazy\" decoding=\"async\" width=\"2048\" height=\"1368\" src=\"http:\/\/bartoszfratczak.com\/wp-content\/uploads\/2020\/12\/Kresy-by-Bartosz-Fr\u0105tczak-30.jpg\" alt=\"\" class=\"wp-image-12033\" srcset=\"https:\/\/bartoszfratczak.com\/wp-content\/uploads\/2020\/12\/Kresy-by-Bartosz-Fr\u0105tczak-30.jpg 2048w, https:\/\/bartoszfratczak.com\/wp-content\/uploads\/2020\/12\/Kresy-by-Bartosz-Fr\u0105tczak-30-300x200.jpg 300w, https:\/\/bartoszfratczak.com\/wp-content\/uploads\/2020\/12\/Kresy-by-Bartosz-Fr\u0105tczak-30-1024x684.jpg 1024w, https:\/\/bartoszfratczak.com\/wp-content\/uploads\/2020\/12\/Kresy-by-Bartosz-Fr\u0105tczak-30-768x513.jpg 768w, https:\/\/bartoszfratczak.com\/wp-content\/uploads\/2020\/12\/Kresy-by-Bartosz-Fr\u0105tczak-30-1536x1026.jpg 1536w, https:\/\/bartoszfratczak.com\/wp-content\/uploads\/2020\/12\/Kresy-by-Bartosz-Fr\u0105tczak-30-600x401.jpg 600w\" sizes=\"auto, (max-width: 2048px) 100vw, 2048px\" \/><\/figure>\n\n\n\n<p>A tiny chapel where the body was laid out. The next door leads to a small room where refreshments were served. I ate nothing.<\/p>\n\n\n\n<p><em>Lithuania<\/em><\/p>\n\n\n\n<p>Malutka kaplica z wystawionym cia\u0142em zmar\u0142ego. Tu\u017c obok drzwi do ma\u0142ej salki, gdzie by\u0142 pocz\u0119stunek. Nic wtedy nie zjad\u0142em.<\/p>\n\n\n\n<p><em>Litwa<\/em><\/p>\n","protected":false},"excerpt":{"rendered":"<p>A tiny chapel where the body was laid out. The next door leads to a small room where refreshments were served. I ate nothing. Lithuania Malutka kaplica z wystawionym cia\u0142em zmar\u0142ego. Tu\u017c obok drzwi do ma\u0142ej salki, gdzie by\u0142 pocz\u0119stunek. Nic wtedy nie zjad\u0142em. Litwa<\/p>\n","protected":false},"author":1,"featured_media":0,"parent":0,"menu_order":0,"comment_status":"closed","ping_status":"closed","template":"","meta":{"_vp_format_video_url":"","_vp_image_focal_point":[],"footnotes":""},"class_list":["post-12032","page","type-page","status-publish","hentry"],"_links":{"self":[{"href":"https:\/\/bartoszfratczak.com\/index.php\/wp-json\/wp\/v2\/pages\/12032","targetHints":{"allow":["GET"]}}],"collection":[{"href":"https:\/\/bartoszfratczak.com\/index.php\/wp-json\/wp\/v2\/pages"}],"about":[{"href":"https:\/\/bartoszfratczak.com\/index.php\/wp-json\/wp\/v2\/types\/page"}],"author":[{"embeddable":true,"href":"https:\/\/bartoszfratczak.com\/index.php\/wp-json\/wp\/v2\/users\/1"}],"replies":[{"embeddable":true,"href":"https:\/\/bartoszfratczak.com\/index.php\/wp-json\/wp\/v2\/comments?post=12032"}],"version-history":[{"count":0,"href":"https:\/\/bartoszfratczak.com\/index.php\/wp-json\/wp\/v2\/pages\/12032\/revisions"}],"wp:attachment":[{"href":"https:\/\/bartoszfratczak.com\/index.php\/wp-json\/wp\/v2\/media?parent=12032"}],"curies":[{"name":"wp","href":"https:\/\/api.w.org\/{rel}","templated":true}]}}