{"id":12036,"date":"2020-12-09T15:46:17","date_gmt":"2020-12-09T14:46:17","guid":{"rendered":"http:\/\/bartoszfratczak.com\/?page_id=12036"},"modified":"2021-02-09T14:24:29","modified_gmt":"2021-02-09T13:24:29","slug":"view-through-closed-eyes-borderlands-sketches-32","status":"publish","type":"page","link":"https:\/\/bartoszfratczak.com\/index.php\/view-through-closed-eyes-borderlands-sketches-32\/","title":{"rendered":"View through Closed Eyes. Borderland&#8217;s Sketches 32"},"content":{"rendered":"\n<div style=\"height:100px\" aria-hidden=\"true\" class=\"wp-block-spacer\"><\/div>\n\n\n\n<figure class=\"wp-block-image size-full\"><img loading=\"lazy\" decoding=\"async\" width=\"2048\" height=\"1365\" src=\"http:\/\/bartoszfratczak.com\/wp-content\/uploads\/2020\/12\/Kresy-by-Bartosz-Fr\u0105tczak-31.jpg\" alt=\"\" class=\"wp-image-12037\" srcset=\"https:\/\/bartoszfratczak.com\/wp-content\/uploads\/2020\/12\/Kresy-by-Bartosz-Fr\u0105tczak-31.jpg 2048w, https:\/\/bartoszfratczak.com\/wp-content\/uploads\/2020\/12\/Kresy-by-Bartosz-Fr\u0105tczak-31-300x200.jpg 300w, https:\/\/bartoszfratczak.com\/wp-content\/uploads\/2020\/12\/Kresy-by-Bartosz-Fr\u0105tczak-31-1024x683.jpg 1024w, https:\/\/bartoszfratczak.com\/wp-content\/uploads\/2020\/12\/Kresy-by-Bartosz-Fr\u0105tczak-31-768x512.jpg 768w, https:\/\/bartoszfratczak.com\/wp-content\/uploads\/2020\/12\/Kresy-by-Bartosz-Fr\u0105tczak-31-1536x1024.jpg 1536w, https:\/\/bartoszfratczak.com\/wp-content\/uploads\/2020\/12\/Kresy-by-Bartosz-Fr\u0105tczak-31-600x400.jpg 600w\" sizes=\"auto, (max-width: 2048px) 100vw, 2048px\" \/><\/figure>\n\n\n\n<p><strong>I bought a house with the Virgin Mary<\/strong><\/p>\n\n\n\n<p>The image of the Virgin Mary is small: 70 cm by 70 cm, it weighs 150 kg. Hidden in one of the walls of the house, behind the panelling similar to that of the church, the bas-relief had been waiting since the Second World War. Our Lady was waiting for Jan who found her, and, on the indulgence day, left her in the church.<\/p>\n\n\n\n<p><em>Church in Kena, Lithuania<\/em><\/p>\n\n\n\n<p><strong>Kupi\u0142em dom z Matk\u0105 Bosk\u0105<\/strong><\/p>\n\n\n\n<p>Wizerunek Matki Boskiej jest niewielki \u2013 70 na 70 cm. Wa\u017cy 150 kg. P\u0142askorze\u017aba od II wojny \u015bwiatowej przeczeka\u0142a schowana w jednej ze \u015bcian domu, za boazeri\u0105 podobn\u0105 do tej ko\u015bcielnej. Matka Boska czeka\u0142a na Jana, kt\u00f3ry j\u0105 odnalaz\u0142 i w dniu odpustu przekaza\u0142 do ko\u015bcio\u0142a.<\/p>\n\n\n\n<p><em>Ko\u015bci\u00f3\u0142 w Kienie, Litwa<\/em><\/p>\n\n\n\n<p><\/p>\n","protected":false},"excerpt":{"rendered":"<p>I bought a house with the Virgin Mary The image of the Virgin Mary is small: 70 cm by 70 cm, it weighs 150 kg. Hidden in one of the walls of the house, behind the panelling similar to that of the church, the bas-relief had been waiting since the Second World War. Our Lady [&hellip;]<\/p>\n","protected":false},"author":1,"featured_media":0,"parent":0,"menu_order":0,"comment_status":"closed","ping_status":"closed","template":"","meta":{"_vp_format_video_url":"","_vp_image_focal_point":[],"footnotes":""},"class_list":["post-12036","page","type-page","status-publish","hentry"],"_links":{"self":[{"href":"https:\/\/bartoszfratczak.com\/index.php\/wp-json\/wp\/v2\/pages\/12036","targetHints":{"allow":["GET"]}}],"collection":[{"href":"https:\/\/bartoszfratczak.com\/index.php\/wp-json\/wp\/v2\/pages"}],"about":[{"href":"https:\/\/bartoszfratczak.com\/index.php\/wp-json\/wp\/v2\/types\/page"}],"author":[{"embeddable":true,"href":"https:\/\/bartoszfratczak.com\/index.php\/wp-json\/wp\/v2\/users\/1"}],"replies":[{"embeddable":true,"href":"https:\/\/bartoszfratczak.com\/index.php\/wp-json\/wp\/v2\/comments?post=12036"}],"version-history":[{"count":0,"href":"https:\/\/bartoszfratczak.com\/index.php\/wp-json\/wp\/v2\/pages\/12036\/revisions"}],"wp:attachment":[{"href":"https:\/\/bartoszfratczak.com\/index.php\/wp-json\/wp\/v2\/media?parent=12036"}],"curies":[{"name":"wp","href":"https:\/\/api.w.org\/{rel}","templated":true}]}}