{"id":12060,"date":"2020-12-09T15:56:19","date_gmt":"2020-12-09T14:56:19","guid":{"rendered":"http:\/\/bartoszfratczak.com\/?page_id=12060"},"modified":"2021-02-09T14:29:57","modified_gmt":"2021-02-09T13:29:57","slug":"view-through-closed-eyes-borderlands-sketches-37","status":"publish","type":"page","link":"https:\/\/bartoszfratczak.com\/index.php\/view-through-closed-eyes-borderlands-sketches-37\/","title":{"rendered":"View through Closed Eyes. Borderland&#8217;s Sketches 37"},"content":{"rendered":"\n<div style=\"height:100px\" aria-hidden=\"true\" class=\"wp-block-spacer\"><\/div>\n\n\n\n<figure class=\"wp-block-image size-full\"><img loading=\"lazy\" decoding=\"async\" width=\"2048\" height=\"1365\" src=\"http:\/\/bartoszfratczak.com\/wp-content\/uploads\/2020\/12\/Kresy-by-Bartosz-Fr\u0105tczak-37.jpg\" alt=\"\" class=\"wp-image-12061\" srcset=\"https:\/\/bartoszfratczak.com\/wp-content\/uploads\/2020\/12\/Kresy-by-Bartosz-Fr\u0105tczak-37.jpg 2048w, https:\/\/bartoszfratczak.com\/wp-content\/uploads\/2020\/12\/Kresy-by-Bartosz-Fr\u0105tczak-37-300x200.jpg 300w, https:\/\/bartoszfratczak.com\/wp-content\/uploads\/2020\/12\/Kresy-by-Bartosz-Fr\u0105tczak-37-1024x683.jpg 1024w, https:\/\/bartoszfratczak.com\/wp-content\/uploads\/2020\/12\/Kresy-by-Bartosz-Fr\u0105tczak-37-768x512.jpg 768w, https:\/\/bartoszfratczak.com\/wp-content\/uploads\/2020\/12\/Kresy-by-Bartosz-Fr\u0105tczak-37-1536x1024.jpg 1536w, https:\/\/bartoszfratczak.com\/wp-content\/uploads\/2020\/12\/Kresy-by-Bartosz-Fr\u0105tczak-37-600x400.jpg 600w\" sizes=\"auto, (max-width: 2048px) 100vw, 2048px\" \/><figcaption><br><\/figcaption><\/figure>\n\n\n\n<p>&#8220;There were a lot of situations where we could have died. But there was no time to think about it.&#8221;<\/p>\n\n\n\n<p><em>Rossa cementary, Vilnius, Lithuania<\/em><\/p>\n\n\n\n<p>Czy ba\u0142 si\u0119 Pan, \u017ce zginie? &#8211; spyta\u0142em.<\/p>\n\n\n\n<p>\u2013 By\u0142o wiele sytuacji w kt\u00f3rych mogli\u015bmy zgin\u0105\u0107, ale nie by\u0142o czasu o tym my\u015ble\u0107. \u2013 odpowiedzia\u0142 \u201eFurman\u201c*.<\/p>\n\n\n\n<p>*Kpt. Stanis\u0142aw Po\u017aniak ps. \u201eFurman\u201c<\/p>\n\n\n\n<p><em>Cmentarz na Rossie, Wilno<\/em><\/p>\n","protected":false},"excerpt":{"rendered":"<p>&#8220;There were a lot of situations where we could have died. But there was no time to think about it.&#8221; Rossa cementary, Vilnius, Lithuania Czy ba\u0142 si\u0119 Pan, \u017ce zginie? &#8211; spyta\u0142em. \u2013 By\u0142o wiele sytuacji w kt\u00f3rych mogli\u015bmy zgin\u0105\u0107, ale nie by\u0142o czasu o tym my\u015ble\u0107. \u2013 odpowiedzia\u0142 \u201eFurman\u201c*. *Kpt. Stanis\u0142aw Po\u017aniak ps. \u201eFurman\u201c [&hellip;]<\/p>\n","protected":false},"author":1,"featured_media":0,"parent":0,"menu_order":0,"comment_status":"closed","ping_status":"closed","template":"","meta":{"_vp_format_video_url":"","_vp_image_focal_point":[],"footnotes":""},"class_list":["post-12060","page","type-page","status-publish","hentry"],"_links":{"self":[{"href":"https:\/\/bartoszfratczak.com\/index.php\/wp-json\/wp\/v2\/pages\/12060","targetHints":{"allow":["GET"]}}],"collection":[{"href":"https:\/\/bartoszfratczak.com\/index.php\/wp-json\/wp\/v2\/pages"}],"about":[{"href":"https:\/\/bartoszfratczak.com\/index.php\/wp-json\/wp\/v2\/types\/page"}],"author":[{"embeddable":true,"href":"https:\/\/bartoszfratczak.com\/index.php\/wp-json\/wp\/v2\/users\/1"}],"replies":[{"embeddable":true,"href":"https:\/\/bartoszfratczak.com\/index.php\/wp-json\/wp\/v2\/comments?post=12060"}],"version-history":[{"count":0,"href":"https:\/\/bartoszfratczak.com\/index.php\/wp-json\/wp\/v2\/pages\/12060\/revisions"}],"wp:attachment":[{"href":"https:\/\/bartoszfratczak.com\/index.php\/wp-json\/wp\/v2\/media?parent=12060"}],"curies":[{"name":"wp","href":"https:\/\/api.w.org\/{rel}","templated":true}]}}