{"id":12088,"date":"2020-12-09T16:02:49","date_gmt":"2020-12-09T15:02:49","guid":{"rendered":"http:\/\/bartoszfratczak.com\/?page_id=12088"},"modified":"2020-12-28T12:10:51","modified_gmt":"2020-12-28T11:10:51","slug":"view-through-closed-eyes-borderlands-sketches-45","status":"publish","type":"page","link":"https:\/\/bartoszfratczak.com\/index.php\/view-through-closed-eyes-borderlands-sketches-45\/","title":{"rendered":"View through Closed Eyes. Borderland&#8217;s Sketches 45"},"content":{"rendered":"\n<div style=\"height:100px\" aria-hidden=\"true\" class=\"wp-block-spacer\"><\/div>\n\n\n\n<figure class=\"wp-block-image size-full\"><img loading=\"lazy\" decoding=\"async\" width=\"2048\" height=\"1366\" src=\"http:\/\/bartoszfratczak.com\/wp-content\/uploads\/2020\/12\/Kresy-by-Bartosz-Fr\u0105tczak-44.jpg\" alt=\"\" class=\"wp-image-12089\" srcset=\"https:\/\/bartoszfratczak.com\/wp-content\/uploads\/2020\/12\/Kresy-by-Bartosz-Fr\u0105tczak-44.jpg 2048w, https:\/\/bartoszfratczak.com\/wp-content\/uploads\/2020\/12\/Kresy-by-Bartosz-Fr\u0105tczak-44-300x200.jpg 300w, https:\/\/bartoszfratczak.com\/wp-content\/uploads\/2020\/12\/Kresy-by-Bartosz-Fr\u0105tczak-44-1024x683.jpg 1024w, https:\/\/bartoszfratczak.com\/wp-content\/uploads\/2020\/12\/Kresy-by-Bartosz-Fr\u0105tczak-44-768x512.jpg 768w, https:\/\/bartoszfratczak.com\/wp-content\/uploads\/2020\/12\/Kresy-by-Bartosz-Fr\u0105tczak-44-1536x1025.jpg 1536w, https:\/\/bartoszfratczak.com\/wp-content\/uploads\/2020\/12\/Kresy-by-Bartosz-Fr\u0105tczak-44-600x400.jpg 600w\" sizes=\"auto, (max-width: 2048px) 100vw, 2048px\" \/><\/figure>\n\n\n\n<p>They have cleaned up the cemetery, and now are sitting inside, drinking something.<\/p>\n\n\n\n<p>&#8216;Do you know where the Jewish grave is?&#8217; I ask.<\/p>\n\n\n\n<p>&#8216;It\u2019s over there, in the distance, where conifers grow, next to a large stone,&#8217; the woman replies.<\/p>\n\n\n\n<p>&#8216;Some 500 meters from here. You will find it,&#8217; the man adds.<\/p>\n\n\n\n<p>I find it. Several hundred meters away from the cross hill, between a few trees and a large stone. 2,500 Jews buried in a mass grave.<\/p>\n\n\n\n<p><em>Ei\u0161i\u0161k\u0117s. Lithuania<\/em><\/p>\n\n\n\n<p>Wcze\u015bniej sprz\u0105tali cmentarz, teraz siedz\u0105 w \u015brodku i co\u015b pij\u0105.<\/p>\n\n\n\n<p> -Wiecie, gdzie gr\u00f3b \u017cydowski? \u2013 pytam.<\/p>\n\n\n\n<p>\u2013 Tam, w oddali, gdzie iglaste drzewa rosn\u0105 i kamie\u0144 du\u017cy. \u2013 odpowiada kobieta.<\/p>\n\n\n\n<p>\u2013 Mo\u017ce jakie\u015b 500 metr\u00f3w st\u0105d. Znajdzie pan. \u2013 dodaje m\u0119\u017cczyzna.<\/p>\n\n\n\n<p>Znajduj\u0119. Kilkaset metr\u00f3w od krzy\u017cowej g\u00f3ry, pomi\u0119dzy kilkoma drzewkami i&nbsp; du\u017cym kamieniem. 2500 \u017byd\u00f3w zasypanych w masowym grobie.<\/p>\n\n\n\n<p><\/p>\n\n\n\n<p>Ejszyszki. Litwa.<\/p>\n","protected":false},"excerpt":{"rendered":"<p>They have cleaned up the cemetery, and now are sitting inside, drinking something. &#8216;Do you know where the Jewish grave is?&#8217; I ask. &#8216;It\u2019s over there, in the distance, where conifers grow, next to a large stone,&#8217; the woman replies. &#8216;Some 500 meters from here. You will find it,&#8217; the man adds. I find it. [&hellip;]<\/p>\n","protected":false},"author":1,"featured_media":0,"parent":0,"menu_order":0,"comment_status":"closed","ping_status":"closed","template":"","meta":{"_vp_format_video_url":"","_vp_image_focal_point":[],"footnotes":""},"class_list":["post-12088","page","type-page","status-publish","hentry"],"_links":{"self":[{"href":"https:\/\/bartoszfratczak.com\/index.php\/wp-json\/wp\/v2\/pages\/12088","targetHints":{"allow":["GET"]}}],"collection":[{"href":"https:\/\/bartoszfratczak.com\/index.php\/wp-json\/wp\/v2\/pages"}],"about":[{"href":"https:\/\/bartoszfratczak.com\/index.php\/wp-json\/wp\/v2\/types\/page"}],"author":[{"embeddable":true,"href":"https:\/\/bartoszfratczak.com\/index.php\/wp-json\/wp\/v2\/users\/1"}],"replies":[{"embeddable":true,"href":"https:\/\/bartoszfratczak.com\/index.php\/wp-json\/wp\/v2\/comments?post=12088"}],"version-history":[{"count":0,"href":"https:\/\/bartoszfratczak.com\/index.php\/wp-json\/wp\/v2\/pages\/12088\/revisions"}],"wp:attachment":[{"href":"https:\/\/bartoszfratczak.com\/index.php\/wp-json\/wp\/v2\/media?parent=12088"}],"curies":[{"name":"wp","href":"https:\/\/api.w.org\/{rel}","templated":true}]}}